{"id":2612,"date":"2021-04-02T13:36:30","date_gmt":"2021-04-02T13:36:30","guid":{"rendered":"https:\/\/vesp-epdm.com\/?page_id=2612"},"modified":"2025-05-12T12:30:27","modified_gmt":"2025-05-12T12:30:27","slug":"circulariteit_duurzaamheid","status":"publish","type":"page","link":"https:\/\/vesp-epdm.com\/fr-be\/circulariteit_duurzaamheid\/","title":{"rendered":"Circularit\u00e9 - Durabilit\u00e9"},"content":{"rendered":"<div data-elementor-type=\"wp-page\" data-elementor-id=\"2612\" class=\"elementor elementor-2612\" data-elementor-post-type=\"page\">\n\t\t\t\t\t\t<section class=\"elementor-section elementor-top-section elementor-element elementor-element-e243075 elementor-section-boxed elementor-section-height-default elementor-section-height-default\" data-id=\"e243075\" data-element_type=\"section\" data-e-type=\"section\" data-settings=\"{&quot;background_background&quot;:&quot;classic&quot;}\">\n\t\t\t\t\t\t<div class=\"elementor-container elementor-column-gap-default\">\n\t\t\t\t\t<div class=\"elementor-column elementor-col-100 elementor-top-column elementor-element elementor-element-c7e25ed elementor-invisible\" data-id=\"c7e25ed\" data-element_type=\"column\" data-e-type=\"column\" data-settings=\"{&quot;animation&quot;:&quot;slideInLeft&quot;}\">\n\t\t\t<div class=\"elementor-widget-wrap elementor-element-populated\">\n\t\t\t\t\t\t<div class=\"elementor-element elementor-element-5749d56 elementor-widget elementor-widget-heading\" data-id=\"5749d56\" data-element_type=\"widget\" data-e-type=\"widget\" data-widget_type=\"heading.default\">\n\t\t\t\t<div class=\"elementor-widget-container\">\n\t\t\t\t\t<h2 class=\"elementor-heading-title elementor-size-large\">L'\u00e9tanch\u00e9it\u00e9 la plus durable<\/h2>\t\t\t\t<\/div>\n\t\t\t\t<\/div>\n\t\t\t\t\t<\/div>\n\t\t<\/div>\n\t\t\t\t\t<\/div>\n\t\t<\/section>\n\t\t\t\t<section class=\"elementor-section elementor-top-section elementor-element elementor-element-d7c1713 elementor-section-boxed elementor-section-height-default elementor-section-height-default\" data-id=\"d7c1713\" data-element_type=\"section\" data-e-type=\"section\">\n\t\t\t\t\t\t<div class=\"elementor-container elementor-column-gap-default\">\n\t\t\t\t\t<div class=\"elementor-column elementor-col-100 elementor-top-column elementor-element elementor-element-164639e\" data-id=\"164639e\" data-element_type=\"column\" data-e-type=\"column\">\n\t\t\t<div class=\"elementor-widget-wrap elementor-element-populated\">\n\t\t\t\t\t\t<div class=\"elementor-element elementor-element-ccdc266 elementor-widget elementor-widget-heading\" data-id=\"ccdc266\" data-element_type=\"widget\" data-e-type=\"widget\" data-widget_type=\"heading.default\">\n\t\t\t\t<div class=\"elementor-widget-container\">\n\t\t\t\t\t<p class=\"elementor-heading-title elementor-size-default\">La d\u00e9finition d\u00e9finit le processus<\/p>\t\t\t\t<\/div>\n\t\t\t\t<\/div>\n\t\t\t\t<div class=\"elementor-element elementor-element-eb314e5 elementor-widget elementor-widget-text-editor\" data-id=\"eb314e5\" data-element_type=\"widget\" data-e-type=\"widget\" data-widget_type=\"text-editor.default\">\n\t\t\t\t<div class=\"elementor-widget-container\">\n\t\t\t\t\t\t\t\t\t<h5>Les concepts de durabilit\u00e9 et de circularit\u00e9 sont d\u00e9sormais imbriqu\u00e9s ; l'un n'exclut pas l'autre.<br \/>C'est pourquoi il est encore plus important d'examiner de pr\u00e8s le sens et le contenu.<\/h5><h5>Dans cette section, nous examinerons les m\u00e9thodes dites de classement, la circularit\u00e9, le recyclage, etc.<\/h5>\t\t\t\t\t\t\t\t<\/div>\n\t\t\t\t<\/div>\n\t\t\t\t\t<\/div>\n\t\t<\/div>\n\t\t\t\t\t<\/div>\n\t\t<\/section>\n\t\t\t\t<section class=\"elementor-section elementor-top-section elementor-element elementor-element-d6411fd elementor-section-boxed elementor-section-height-default elementor-section-height-default\" data-id=\"d6411fd\" data-element_type=\"section\" data-e-type=\"section\">\n\t\t\t\t\t\t<div class=\"elementor-container elementor-column-gap-default\">\n\t\t\t\t\t<div class=\"elementor-column elementor-col-50 elementor-top-column elementor-element elementor-element-ba64f1c\" data-id=\"ba64f1c\" data-element_type=\"column\" data-e-type=\"column\">\n\t\t\t<div class=\"elementor-widget-wrap elementor-element-populated\">\n\t\t\t\t\t\t<div class=\"elementor-element elementor-element-879bd90 elementor-widget elementor-widget-heading\" data-id=\"879bd90\" data-element_type=\"widget\" data-e-type=\"widget\" data-widget_type=\"heading.default\">\n\t\t\t\t<div class=\"elementor-widget-container\">\n\t\t\t\t\t<h1 class=\"elementor-heading-title elementor-size-default\">Pour un meilleur environnement<\/h1>\t\t\t\t<\/div>\n\t\t\t\t<\/div>\n\t\t\t\t<div class=\"elementor-element elementor-element-fe52811 elementor-widget elementor-widget-text-editor\" data-id=\"fe52811\" data-element_type=\"widget\" data-e-type=\"widget\" data-widget_type=\"text-editor.default\">\n\t\t\t\t<div class=\"elementor-widget-container\">\n\t\t\t\t\t\t\t\t\t<h5>\"Un avenir meilleur et durable pour tous\" a \u00e9t\u00e9 le fer de lance de la formulation des 17 Objectifs de D\u00e9veloppement Durable en 2015. Et m\u00eame si la formulation individuelle est parfois abstraite, notre industrie a un impact sur elle.\u00a0<\/h5><h5>Aux Pays-Bas, nous avons incorpor\u00e9 cet aspect dans nos agendas de transition, dont \"l'Agenda de transition Construction\" et \"l\u2019Agenda de transition Plastiques\" sont deux des cinq.<br \/>Ces agendas formulent de nombreuses initiatives pour une construction meilleure et durable, dans lesquelles la r\u00e9duction du CO2 et la r\u00e9cup\u00e9ration des mati\u00e8res premi\u00e8res sont principalement orient\u00e9es.\u00a0<\/h5><h5>Les joints EPDM r\u00e9pondent parfaitement \u00e0 ces objectifs. Un produit d'\u00e9tanch\u00e9it\u00e9 \u00e9prouv\u00e9, neutre pour l'environnement (il n'est pas lixivi\u00e9 et ne r\u00e9agit pas aux rayons UV), extr\u00eamement durable et, \u00e0 la fin de son cycle de vie, il peut \u00eatre recycl\u00e9 et r\u00e9utilis\u00e9 de nombreuses fa\u00e7ons.<\/h5>\t\t\t\t\t\t\t\t<\/div>\n\t\t\t\t<\/div>\n\t\t\t\t<div class=\"elementor-element elementor-element-b6a529c elementor-align-left elementor-tablet-align-center elementor-widget elementor-widget-button\" data-id=\"b6a529c\" data-element_type=\"widget\" data-e-type=\"widget\" data-widget_type=\"button.default\">\n\t\t\t\t<div class=\"elementor-widget-container\">\n\t\t\t\t\t\t\t\t\t<div class=\"elementor-button-wrapper\">\n\t\t\t\t\t<a class=\"elementor-button elementor-button-link elementor-size-sm\" href=\"https:\/\/vesp-epdm.com\/fr-be\/circulair-bouwproduct\/\">\n\t\t\t\t\t\t<span class=\"elementor-button-content-wrapper\">\n\t\t\t\t\t\t<span class=\"elementor-button-icon\">\n\t\t\t\t<i aria-hidden=\"true\" class=\"far fa-arrow-alt-circle-right\"><\/i>\t\t\t<\/span>\n\t\t\t\t\t\t\t\t\t<span class=\"elementor-button-text\">Lire la suite<\/span>\n\t\t\t\t\t<\/span>\n\t\t\t\t\t<\/a>\n\t\t\t\t<\/div>\n\t\t\t\t\t\t\t\t<\/div>\n\t\t\t\t<\/div>\n\t\t\t\t\t<\/div>\n\t\t<\/div>\n\t\t\t\t<div class=\"elementor-column elementor-col-50 elementor-top-column elementor-element elementor-element-c84df94\" data-id=\"c84df94\" data-element_type=\"column\" data-e-type=\"column\">\n\t\t\t<div class=\"elementor-widget-wrap elementor-element-populated\">\n\t\t\t\t\t\t<div class=\"elementor-element elementor-element-5c5b532 elementor-widget elementor-widget-image\" data-id=\"5c5b532\" data-element_type=\"widget\" data-e-type=\"widget\" data-widget_type=\"image.default\">\n\t\t\t\t<div class=\"elementor-widget-container\">\n\t\t\t\t\t\t\t\t\t\t\t\t\t\t\t\t<a href=\"https:\/\/vesp-epdm.com\/wp-content\/uploads\/2021\/04\/sustainable-goals-scaled.jpg\">\n\t\t\t\t\t\t\t<img fetchpriority=\"high\" decoding=\"async\" width=\"1024\" height=\"596\" src=\"https:\/\/vesp-epdm.com\/wp-content\/uploads\/2021\/04\/sustainable-goals-1024x596.jpg\" class=\"attachment-large size-large wp-image-2691\" alt=\"\" srcset=\"https:\/\/vesp-epdm.com\/wp-content\/uploads\/2021\/04\/sustainable-goals-1024x596.jpg 1024w, https:\/\/vesp-epdm.com\/wp-content\/uploads\/2021\/04\/sustainable-goals-300x175.jpg 300w, https:\/\/vesp-epdm.com\/wp-content\/uploads\/2021\/04\/sustainable-goals-768x447.jpg 768w, https:\/\/vesp-epdm.com\/wp-content\/uploads\/2021\/04\/sustainable-goals-1536x894.jpg 1536w, https:\/\/vesp-epdm.com\/wp-content\/uploads\/2021\/04\/sustainable-goals-2048x1192.jpg 2048w, https:\/\/vesp-epdm.com\/wp-content\/uploads\/2021\/04\/sustainable-goals-16x9.jpg 16w\" sizes=\"(max-width: 1024px) 100vw, 1024px\" \/>\t\t\t\t\t\t\t\t<\/a>\n\t\t\t\t\t\t\t\t\t\t\t\t\t\t\t<\/div>\n\t\t\t\t<\/div>\n\t\t\t\t\t<\/div>\n\t\t<\/div>\n\t\t\t\t\t<\/div>\n\t\t<\/section>\n\t\t\t\t<section class=\"elementor-section elementor-top-section elementor-element elementor-element-c87211a elementor-section-boxed elementor-section-height-default elementor-section-height-default\" data-id=\"c87211a\" data-element_type=\"section\" data-e-type=\"section\" data-settings=\"{&quot;background_background&quot;:&quot;classic&quot;}\">\n\t\t\t\t\t\t<div class=\"elementor-container elementor-column-gap-default\">\n\t\t\t\t\t<div class=\"elementor-column elementor-col-50 elementor-top-column elementor-element elementor-element-4054cb9\" data-id=\"4054cb9\" data-element_type=\"column\" data-e-type=\"column\">\n\t\t\t<div class=\"elementor-widget-wrap elementor-element-populated\">\n\t\t\t\t\t\t<div class=\"elementor-element elementor-element-a9ae499 elementor-widget elementor-widget-image\" data-id=\"a9ae499\" data-element_type=\"widget\" data-e-type=\"widget\" data-widget_type=\"image.default\">\n\t\t\t\t<div class=\"elementor-widget-container\">\n\t\t\t\t\t\t\t\t\t\t\t\t\t\t\t<img decoding=\"async\" width=\"1024\" height=\"683\" src=\"https:\/\/vesp-epdm.com\/wp-content\/uploads\/2021\/04\/environmental-impact-1024x683.jpg\" class=\"attachment-large size-large wp-image-2706\" alt=\"\" srcset=\"https:\/\/vesp-epdm.com\/wp-content\/uploads\/2021\/04\/environmental-impact-1024x683.jpg 1024w, https:\/\/vesp-epdm.com\/wp-content\/uploads\/2021\/04\/environmental-impact-300x200.jpg 300w, https:\/\/vesp-epdm.com\/wp-content\/uploads\/2021\/04\/environmental-impact-768x512.jpg 768w, https:\/\/vesp-epdm.com\/wp-content\/uploads\/2021\/04\/environmental-impact-16x12.jpg 16w, https:\/\/vesp-epdm.com\/wp-content\/uploads\/2021\/04\/environmental-impact.jpg 1200w\" sizes=\"(max-width: 1024px) 100vw, 1024px\" \/>\t\t\t\t\t\t\t\t\t\t\t\t\t\t\t<\/div>\n\t\t\t\t<\/div>\n\t\t\t\t\t<\/div>\n\t\t<\/div>\n\t\t\t\t<div class=\"elementor-column elementor-col-50 elementor-top-column elementor-element elementor-element-797ec9e\" data-id=\"797ec9e\" data-element_type=\"column\" data-e-type=\"column\">\n\t\t\t<div class=\"elementor-widget-wrap elementor-element-populated\">\n\t\t\t\t\t\t<div class=\"elementor-element elementor-element-66d81d6 elementor-widget elementor-widget-heading\" data-id=\"66d81d6\" data-element_type=\"widget\" data-e-type=\"widget\" data-widget_type=\"heading.default\">\n\t\t\t\t<div class=\"elementor-widget-container\">\n\t\t\t\t\t<h1 class=\"elementor-heading-title elementor-size-default\">Effets sur l'environnement<\/h1>\t\t\t\t<\/div>\n\t\t\t\t<\/div>\n\t\t\t\t<div class=\"elementor-element elementor-element-35f9d61 elementor-widget elementor-widget-text-editor\" data-id=\"35f9d61\" data-element_type=\"widget\" data-e-type=\"widget\" data-widget_type=\"text-editor.default\">\n\t\t\t\t<div class=\"elementor-widget-container\">\n\t\t\t\t\t\t\t\t\t<h5>Dans le cas de l'EPDM, les effets environnementaux du p\u00e9trole, de son transport et des processus de raffinage jouent un r\u00f4le important dans la premi\u00e8re phase du cycle. Aucune cons\u00e9quence n\u00e9gative pour l'environnement et la sant\u00e9 humaine n'est connue pour l'EPDM en phase d'utilisation. L'EPDM est un mat\u00e9riau durable : il dure environ deux fois plus longtemps que les mat\u00e9riaux de couverture bitumineux. La dur\u00e9e de vie est encore plus longue si le mat\u00e9riau est prot\u00e9g\u00e9 sous un toit v\u00e9g\u00e9tal.<\/h5><h5>T\u00e9l\u00e9chargez le rapport de recherche : Effets environnementaux des mat\u00e9riaux de construction, utilisation durable des mati\u00e8res premi\u00e8res.\u00b9<\/h5>\t\t\t\t\t\t\t\t<\/div>\n\t\t\t\t<\/div>\n\t\t\t\t<div class=\"elementor-element elementor-element-9fe4bdc elementor-align-left elementor-tablet-align-center elementor-widget elementor-widget-button\" data-id=\"9fe4bdc\" data-element_type=\"widget\" data-e-type=\"widget\" data-widget_type=\"button.default\">\n\t\t\t\t<div class=\"elementor-widget-container\">\n\t\t\t\t\t\t\t\t\t<div class=\"elementor-button-wrapper\">\n\t\t\t\t\t<a class=\"elementor-button elementor-button-link elementor-size-sm\" href=\"https:\/\/vesp-epdm.com\/wp-content\/uploads\/2021\/04\/Onderzoek-milieu-effecten.pdf\" target=\"_blank\">\n\t\t\t\t\t\t<span class=\"elementor-button-content-wrapper\">\n\t\t\t\t\t\t<span class=\"elementor-button-icon\">\n\t\t\t\t<i aria-hidden=\"true\" class=\"far fa-arrow-alt-circle-right\"><\/i>\t\t\t<\/span>\n\t\t\t\t\t\t\t\t\t<span class=\"elementor-button-text\">t\u00e9l\u00e9charger ici<\/span>\n\t\t\t\t\t<\/span>\n\t\t\t\t\t<\/a>\n\t\t\t\t<\/div>\n\t\t\t\t\t\t\t\t<\/div>\n\t\t\t\t<\/div>\n\t\t\t\t\t<\/div>\n\t\t<\/div>\n\t\t\t\t\t<\/div>\n\t\t<\/section>\n\t\t\t\t<section class=\"elementor-section elementor-top-section elementor-element elementor-element-72b3b09 elementor-section-boxed elementor-section-height-default elementor-section-height-default\" data-id=\"72b3b09\" data-element_type=\"section\" data-e-type=\"section\">\n\t\t\t\t\t\t<div class=\"elementor-container elementor-column-gap-default\">\n\t\t\t\t\t<div class=\"elementor-column elementor-col-50 elementor-top-column elementor-element elementor-element-046c069\" data-id=\"046c069\" data-element_type=\"column\" data-e-type=\"column\">\n\t\t\t<div class=\"elementor-widget-wrap elementor-element-populated\">\n\t\t\t\t\t\t<div class=\"elementor-element elementor-element-0c067af elementor-widget elementor-widget-heading\" data-id=\"0c067af\" data-element_type=\"widget\" data-e-type=\"widget\" data-widget_type=\"heading.default\">\n\t\t\t\t<div class=\"elementor-widget-container\">\n\t\t\t\t\t<h1 class=\"elementor-heading-title elementor-size-default\">NIBE - Institut n\u00e9erlandais pour la Biologie et l'\u00c9cologie du B\u00e2timent<\/h1>\t\t\t\t<\/div>\n\t\t\t\t<\/div>\n\t\t\t\t<div class=\"elementor-element elementor-element-af2f8d4 elementor-widget elementor-widget-text-editor\" data-id=\"af2f8d4\" data-element_type=\"widget\" data-e-type=\"widget\" data-widget_type=\"text-editor.default\">\n\t\t\t\t<div class=\"elementor-widget-container\">\n\t\t\t\t\t\t\t\t\t<h5>NIBE est l'un des premiers instituts ind\u00e9pendants des Pays-Bas \u00e0 avoir os\u00e9 \u00e9tablir un classement environnemental des produits de construction.<\/h5><h5>Site web de NIBE : <em>\"Comment peut-on comparer les mat\u00e9riaux sur le plan environnemental ? Pour avoir une bonne id\u00e9e de l'impact environnemental d'un produit, il est n\u00e9cessaire d'effectuer une Analyse du Cycle de Vie (ACV). Avec une ACV, un produit est \u00e9valu\u00e9 pendant toutes les phases de sa vie. Les effets sont traduits par un outil de calcul en ce que l'on appelle les co\u00fbts fictifs d'un produit. Plus les co\u00fbts fictifs sont faibles, plus le produit est durable.\"<\/em><\/h5>\t\t\t\t\t\t\t\t<\/div>\n\t\t\t\t<\/div>\n\t\t\t\t\t<\/div>\n\t\t<\/div>\n\t\t\t\t<div class=\"elementor-column elementor-col-50 elementor-top-column elementor-element elementor-element-b361d42\" data-id=\"b361d42\" data-element_type=\"column\" data-e-type=\"column\">\n\t\t\t<div class=\"elementor-widget-wrap elementor-element-populated\">\n\t\t\t\t\t\t<div class=\"elementor-element elementor-element-ca71f3a elementor-widget elementor-widget-image\" data-id=\"ca71f3a\" data-element_type=\"widget\" data-e-type=\"widget\" data-widget_type=\"image.default\">\n\t\t\t\t<div class=\"elementor-widget-container\">\n\t\t\t\t\t\t\t\t\t\t\t\t\t\t\t\t<a href=\"https:\/\/vesp-epdm.com\/wp-content\/uploads\/2021\/06\/Tabel-NIBE_VESP_mechanisch.jpg\">\n\t\t\t\t\t\t\t<img decoding=\"async\" width=\"768\" height=\"553\" src=\"https:\/\/vesp-epdm.com\/wp-content\/uploads\/2021\/06\/Tabel-NIBE_VESP_mechanisch-768x553.jpg\" class=\"attachment-medium_large size-medium_large wp-image-3786\" alt=\"\" srcset=\"https:\/\/vesp-epdm.com\/wp-content\/uploads\/2021\/06\/Tabel-NIBE_VESP_mechanisch-768x553.jpg 768w, https:\/\/vesp-epdm.com\/wp-content\/uploads\/2021\/06\/Tabel-NIBE_VESP_mechanisch-300x216.jpg 300w, https:\/\/vesp-epdm.com\/wp-content\/uploads\/2021\/06\/Tabel-NIBE_VESP_mechanisch-1024x737.jpg 1024w, https:\/\/vesp-epdm.com\/wp-content\/uploads\/2021\/06\/Tabel-NIBE_VESP_mechanisch-16x12.jpg 16w\" sizes=\"(max-width: 768px) 100vw, 768px\" \/>\t\t\t\t\t\t\t\t<\/a>\n\t\t\t\t\t\t\t\t\t\t\t\t\t\t\t<\/div>\n\t\t\t\t<\/div>\n\t\t\t\t\t<\/div>\n\t\t<\/div>\n\t\t\t\t\t<\/div>\n\t\t<\/section>\n\t\t\t\t<section class=\"elementor-section elementor-top-section elementor-element elementor-element-37f2aef elementor-section-boxed elementor-section-height-default elementor-section-height-default\" data-id=\"37f2aef\" data-element_type=\"section\" data-e-type=\"section\" data-settings=\"{&quot;background_background&quot;:&quot;classic&quot;}\">\n\t\t\t\t\t\t<div class=\"elementor-container elementor-column-gap-default\">\n\t\t\t\t\t<div class=\"elementor-column elementor-col-50 elementor-top-column elementor-element elementor-element-27625f6\" data-id=\"27625f6\" data-element_type=\"column\" data-e-type=\"column\">\n\t\t\t<div class=\"elementor-widget-wrap\">\n\t\t\t\t\t\t\t<\/div>\n\t\t<\/div>\n\t\t\t\t<div class=\"elementor-column elementor-col-50 elementor-top-column elementor-element elementor-element-dcca48a\" data-id=\"dcca48a\" data-element_type=\"column\" data-e-type=\"column\">\n\t\t\t<div class=\"elementor-widget-wrap elementor-element-populated\">\n\t\t\t\t\t\t<div class=\"elementor-element elementor-element-ac1eae8 elementor-widget elementor-widget-text-editor\" data-id=\"ac1eae8\" data-element_type=\"widget\" data-e-type=\"widget\" data-widget_type=\"text-editor.default\">\n\t\t\t\t<div class=\"elementor-widget-container\">\n\t\t\t\t\t\t\t\t\t<p>27.09 Couverture de toit plat, fixation m\u00e9canique,. Donn\u00e9es issues du classement NIBE publi\u00e9 sur https:\/\/www.nibe.info\/nl\/members.<\/p>\t\t\t\t\t\t\t\t<\/div>\n\t\t\t\t<\/div>\n\t\t\t\t\t<\/div>\n\t\t<\/div>\n\t\t\t\t\t<\/div>\n\t\t<\/section>\n\t\t\t\t<\/div>","protected":false},"excerpt":{"rendered":"<p>MEEST DUURZAME AFDICHTING Definitie bepaalt het proces De begrippen duurzaamheid en circulariteit zijn tegenwoordig in elkaar verweven, het \u00e9\u00e9n sluit het ander niet meer uit.Daarom is het nog belangrijker om goed te kijken naar de betekenis en inhoud. In dit onderdeel\u00a0 zullen wij onder meer aandacht besteden aan de zgn. ranking methodes, circulariteit, recycling ed.. [&hellip;]<\/p>\n","protected":false},"author":2,"featured_media":0,"parent":0,"menu_order":0,"comment_status":"closed","ping_status":"closed","template":"","meta":{"site-sidebar-layout":"no-sidebar","site-content-layout":"page-builder","ast-site-content-layout":"default","site-content-style":"default","site-sidebar-style":"default","ast-global-header-display":"","ast-banner-title-visibility":"","ast-main-header-display":"","ast-hfb-above-header-display":"","ast-hfb-below-header-display":"","ast-hfb-mobile-header-display":"","site-post-title":"disabled","ast-breadcrumbs-content":"","ast-featured-img":"disabled","footer-sml-layout":"","ast-disable-related-posts":"","theme-transparent-header-meta":"default","adv-header-id-meta":"","stick-header-meta":"","header-above-stick-meta":"","header-main-stick-meta":"","header-below-stick-meta":"","astra-migrate-meta-layouts":"default","ast-page-background-enabled":"default","ast-page-background-meta":{"desktop":{"background-color":"","background-image":"","background-repeat":"repeat","background-position":"center center","background-size":"auto","background-attachment":"scroll","background-type":"","background-media":"","overlay-type":"","overlay-color":"","overlay-opacity":"","overlay-gradient":""},"tablet":{"background-color":"","background-image":"","background-repeat":"repeat","background-position":"center center","background-size":"auto","background-attachment":"scroll","background-type":"","background-media":"","overlay-type":"","overlay-color":"","overlay-opacity":"","overlay-gradient":""},"mobile":{"background-color":"","background-image":"","background-repeat":"repeat","background-position":"center center","background-size":"auto","background-attachment":"scroll","background-type":"","background-media":"","overlay-type":"","overlay-color":"","overlay-opacity":"","overlay-gradient":""}},"ast-content-background-meta":{"desktop":{"background-color":"var(--ast-global-color-5)","background-image":"","background-repeat":"repeat","background-position":"center center","background-size":"auto","background-attachment":"scroll","background-type":"","background-media":"","overlay-type":"","overlay-color":"","overlay-opacity":"","overlay-gradient":""},"tablet":{"background-color":"var(--ast-global-color-5)","background-image":"","background-repeat":"repeat","background-position":"center center","background-size":"auto","background-attachment":"scroll","background-type":"","background-media":"","overlay-type":"","overlay-color":"","overlay-opacity":"","overlay-gradient":""},"mobile":{"background-color":"var(--ast-global-color-5)","background-image":"","background-repeat":"repeat","background-position":"center center","background-size":"auto","background-attachment":"scroll","background-type":"","background-media":"","overlay-type":"","overlay-color":"","overlay-opacity":"","overlay-gradient":""}},"footnotes":""},"class_list":["post-2612","page","type-page","status-publish","hentry"],"_links":{"self":[{"href":"https:\/\/vesp-epdm.com\/fr-be\/wp-json\/wp\/v2\/pages\/2612","targetHints":{"allow":["GET"]}}],"collection":[{"href":"https:\/\/vesp-epdm.com\/fr-be\/wp-json\/wp\/v2\/pages"}],"about":[{"href":"https:\/\/vesp-epdm.com\/fr-be\/wp-json\/wp\/v2\/types\/page"}],"author":[{"embeddable":true,"href":"https:\/\/vesp-epdm.com\/fr-be\/wp-json\/wp\/v2\/users\/2"}],"replies":[{"embeddable":true,"href":"https:\/\/vesp-epdm.com\/fr-be\/wp-json\/wp\/v2\/comments?post=2612"}],"version-history":[{"count":116,"href":"https:\/\/vesp-epdm.com\/fr-be\/wp-json\/wp\/v2\/pages\/2612\/revisions"}],"predecessor-version":[{"id":5891,"href":"https:\/\/vesp-epdm.com\/fr-be\/wp-json\/wp\/v2\/pages\/2612\/revisions\/5891"}],"wp:attachment":[{"href":"https:\/\/vesp-epdm.com\/fr-be\/wp-json\/wp\/v2\/media?parent=2612"}],"curies":[{"name":"wp","href":"https:\/\/api.w.org\/{rel}","templated":true}]}}