{"id":2066,"date":"2021-02-12T14:30:09","date_gmt":"2021-02-12T14:30:09","guid":{"rendered":"https:\/\/vesp-epdm.com\/?page_id=2066"},"modified":"2021-09-08T16:51:57","modified_gmt":"2021-09-08T16:51:57","slug":"luchtafdichting","status":"publish","type":"page","link":"https:\/\/vesp-epdm.com\/fr-be\/luchtafdichting\/","title":{"rendered":"\u00c9tanch\u00e9it\u00e9 \u00e0 l'air"},"content":{"rendered":"<div data-elementor-type=\"wp-page\" data-elementor-id=\"2066\" class=\"elementor elementor-2066\" data-elementor-post-type=\"page\">\n\t\t\t\t\t\t<section class=\"elementor-section elementor-top-section elementor-element elementor-element-7c305ba1 elementor-section-boxed elementor-section-height-default elementor-section-height-default\" data-id=\"7c305ba1\" data-element_type=\"section\" data-e-type=\"section\" data-settings=\"{&quot;background_background&quot;:&quot;classic&quot;}\">\n\t\t\t\t\t\t<div class=\"elementor-container elementor-column-gap-default\">\n\t\t\t\t\t<div class=\"elementor-column elementor-col-100 elementor-top-column elementor-element elementor-element-6965e57a elementor-invisible\" data-id=\"6965e57a\" data-element_type=\"column\" data-e-type=\"column\" data-settings=\"{&quot;animation&quot;:&quot;slideInLeft&quot;}\">\n\t\t\t<div class=\"elementor-widget-wrap elementor-element-populated\">\n\t\t\t\t\t\t<div class=\"elementor-element elementor-element-6bc638ea elementor-widget elementor-widget-text-editor\" data-id=\"6bc638ea\" data-element_type=\"widget\" data-e-type=\"widget\" data-widget_type=\"text-editor.default\">\n\t\t\t\t<div class=\"elementor-widget-container\">\n\t\t\t\t\t\t\t\t\t<p>L'EPDM offre d'excellentes propri\u00e9t\u00e9s pour l'\u00e9tanch\u00e9it\u00e9 \u00e0 l'air requise.<br \/>Une valeur Mu tr\u00e8s \u00e9lev\u00e9e, facile et flexible \u00e0 appliquer. Tant en l\u00e9s sur chantier qu'avec des manchons 3D d\u00e9part usine (charpentier).\u00a0<\/p>\t\t\t\t\t\t\t\t<\/div>\n\t\t\t\t<\/div>\n\t\t\t\t<div class=\"elementor-element elementor-element-3e5336b6 elementor-widget elementor-widget-heading\" data-id=\"3e5336b6\" data-element_type=\"widget\" data-e-type=\"widget\" data-widget_type=\"heading.default\">\n\t\t\t\t<div class=\"elementor-widget-container\">\n\t\t\t\t\t<h2 class=\"elementor-heading-title elementor-size-large\">\u00c9TANCH\u00c9IT\u00c9 \u00c0 L'AIR EPDM<\/h2>\t\t\t\t<\/div>\n\t\t\t\t<\/div>\n\t\t\t\t\t<\/div>\n\t\t<\/div>\n\t\t\t\t\t<\/div>\n\t\t<\/section>\n\t\t\t\t<section class=\"elementor-section elementor-top-section elementor-element elementor-element-aa32586 elementor-section-boxed elementor-section-height-default elementor-section-height-default\" data-id=\"aa32586\" data-element_type=\"section\" data-e-type=\"section\">\n\t\t\t\t\t\t<div class=\"elementor-container elementor-column-gap-default\">\n\t\t\t\t\t<div class=\"elementor-column elementor-col-100 elementor-top-column elementor-element elementor-element-42cf0e1\" data-id=\"42cf0e1\" data-element_type=\"column\" data-e-type=\"column\">\n\t\t\t<div class=\"elementor-widget-wrap elementor-element-populated\">\n\t\t\t\t\t\t<div class=\"elementor-element elementor-element-183816f elementor-widget elementor-widget-heading\" data-id=\"183816f\" data-element_type=\"widget\" data-e-type=\"widget\" data-widget_type=\"heading.default\">\n\t\t\t\t<div class=\"elementor-widget-container\">\n\t\t\t\t\t<h1 class=\"elementor-heading-title elementor-size-default\">\u00c9TANCH\u00c9IT\u00c9 \u00c0 L'AIR EPDM<\/h1>\t\t\t\t<\/div>\n\t\t\t\t<\/div>\n\t\t\t\t<div class=\"elementor-element elementor-element-03edb3a elementor-widget elementor-widget-text-editor\" data-id=\"03edb3a\" data-element_type=\"widget\" data-e-type=\"widget\" data-widget_type=\"text-editor.default\">\n\t\t\t\t<div class=\"elementor-widget-container\">\n\t\t\t\t\t\t\t\t\t<h5>Depuis quelques d\u00e9cennies, l'\u00e9tanch\u00e9ification de l'enveloppe ext\u00e9rieure d'une maison ou d'un b\u00e2timent fait l'objet d'une attention accrue. Sous l'impulsion de nouvelles directives telles que le BENG et de calculs plus stricts du MPG, il est devenu \u00e9vident que la construction \u00e9tanche \u00e0 l'air doit faire partie int\u00e9grante de la phase de conception B+U.<\/h5><h5>Un b\u00e2timent doit d'abord \u00eatre d\u00e9barrass\u00e9 des fuites d'air ind\u00e9sirables afin d'obtenir une qualit\u00e9 de l'air optimale. Le mode de ventilation et sa conception assureront ensuite la qualit\u00e9 de l'air et du confort, mais sans cette \u00e9tanch\u00e9it\u00e9, la premi\u00e8re n'est plus possible.<\/h5>\t\t\t\t\t\t\t\t<\/div>\n\t\t\t\t<\/div>\n\t\t\t\t\t<\/div>\n\t\t<\/div>\n\t\t\t\t\t<\/div>\n\t\t<\/section>\n\t\t\t\t<section class=\"elementor-section elementor-top-section elementor-element elementor-element-c576416 elementor-section-boxed elementor-section-height-default elementor-section-height-default\" data-id=\"c576416\" data-element_type=\"section\" data-e-type=\"section\" data-settings=\"{&quot;background_background&quot;:&quot;classic&quot;}\">\n\t\t\t\t\t\t\t<div class=\"elementor-background-overlay\"><\/div>\n\t\t\t\t\t\t\t<div class=\"elementor-container elementor-column-gap-default\">\n\t\t\t\t\t<div class=\"elementor-column elementor-col-100 elementor-top-column elementor-element elementor-element-022f6aa\" data-id=\"022f6aa\" data-element_type=\"column\" data-e-type=\"column\">\n\t\t\t<div class=\"elementor-widget-wrap elementor-element-populated\">\n\t\t\t\t\t\t<div class=\"elementor-element elementor-element-dcc1db7 elementor-widget elementor-widget-heading\" data-id=\"dcc1db7\" data-element_type=\"widget\" data-e-type=\"widget\" data-widget_type=\"heading.default\">\n\t\t\t\t<div class=\"elementor-widget-container\">\n\t\t\t\t\t<h1 class=\"elementor-heading-title elementor-size-default\">DES JONCTIONS VULN\u00c9RABLES<\/h1>\t\t\t\t<\/div>\n\t\t\t\t<\/div>\n\t\t\t\t<div class=\"elementor-element elementor-element-b650f18 elementor-widget elementor-widget-text-editor\" data-id=\"b650f18\" data-element_type=\"widget\" data-e-type=\"widget\" data-widget_type=\"text-editor.default\">\n\t\t\t\t<div class=\"elementor-widget-container\">\n\t\t\t\t\t\t\t\t\t<h5>Les avantages de travailler avec l'EPDM sont une fois de plus mis en \u00e9vidence dans ces applications. Bien entendu, le mat\u00e9riau peut \u00eatre appliqu\u00e9 \u00e0 partir du rouleau et fix\u00e9 \u00e0 l'aide d'un adh\u00e9sif, d'un mastic ou d'un EPDM adh\u00e9sif (avec ou sans primer). Mais les possibilit\u00e9s en 3D sont plus int\u00e9ressantes.<\/h5>\t\t\t\t\t\t\t\t<\/div>\n\t\t\t\t<\/div>\n\t\t\t\t\t<\/div>\n\t\t<\/div>\n\t\t\t\t\t<\/div>\n\t\t<\/section>\n\t\t\t\t<section class=\"elementor-section elementor-top-section elementor-element elementor-element-ba17f25 elementor-section-boxed elementor-section-height-default elementor-section-height-default\" data-id=\"ba17f25\" data-element_type=\"section\" data-e-type=\"section\">\n\t\t\t\t\t\t<div class=\"elementor-container elementor-column-gap-default\">\n\t\t\t\t\t<div class=\"elementor-column elementor-col-50 elementor-top-column elementor-element elementor-element-36c4877\" data-id=\"36c4877\" data-element_type=\"column\" data-e-type=\"column\">\n\t\t\t<div class=\"elementor-widget-wrap elementor-element-populated\">\n\t\t\t\t\t\t<div class=\"elementor-element elementor-element-1d7d4b1 elementor-widget elementor-widget-text-editor\" data-id=\"1d7d4b1\" data-element_type=\"widget\" data-e-type=\"widget\" data-widget_type=\"text-editor.default\">\n\t\t\t\t<div class=\"elementor-widget-container\">\n\t\t\t\t\t\t\t\t\t<h5>La conception et la production tridimensionnelles des solutions d'\u00e9tanch\u00e9it\u00e9 \u00e0 l'air en EPDM prouvent leur valeur ajout\u00e9e dans l'industrie des pr\u00e9fabriqu\u00e9s (bois et b\u00e9ton). Des cadres 3D sont d\u00e9j\u00e0 plac\u00e9s d\u2019usine autour de la huisserie de r\u00e9glage (en bois) dans des conditions contr\u00f4l\u00e9es, et cette huisserie est ensuite fix\u00e9e dans l\u2019ouvrage ou dans un panneau sandwich. L'\u00e9tanch\u00e9ification peut se faire par la suite.<\/h5><h5>La flexibilit\u00e9 de l'EPDM assure un ancrage ad\u00e9quat, m\u00eame avec des conceptions en quinconce. Cette application en mati\u00e8re d'\u00e9tanch\u00e9it\u00e9 \u00e0 l'air offre une valeur ajout\u00e9e en soulageant l'entrepreneur du casse-t\u00eate de l'\u00e9tanch\u00e9it\u00e9 \u00e0 l'air dans les conceptions de b\u00e2timents difficiles d'aujourd'hui.<\/h5>\t\t\t\t\t\t\t\t<\/div>\n\t\t\t\t<\/div>\n\t\t\t\t\t<\/div>\n\t\t<\/div>\n\t\t\t\t<div class=\"elementor-column elementor-col-50 elementor-top-column elementor-element elementor-element-2590d4d\" data-id=\"2590d4d\" data-element_type=\"column\" data-e-type=\"column\">\n\t\t\t<div class=\"elementor-widget-wrap elementor-element-populated\">\n\t\t\t\t\t\t<div class=\"elementor-element elementor-element-625337b elementor-widget elementor-widget-image\" data-id=\"625337b\" data-element_type=\"widget\" data-e-type=\"widget\" data-widget_type=\"image.default\">\n\t\t\t\t<div class=\"elementor-widget-container\">\n\t\t\t\t\t\t\t\t\t\t\t\t\t\t\t<img decoding=\"async\" src=\"https:\/\/vesp-epdm.com\/wp-content\/uploads\/elementor\/thumbs\/DSC_3324-scaled-pcusg5yo4rgadirovj6h36xaq938snh69ljs7rz628.jpg\" title=\"\u00c9tanch\u00e9it\u00e9 \u00e0 l&#039;air des habitations\" alt=\"Luchtdichting woningbouw\" loading=\"lazy\" \/>\t\t\t\t\t\t\t\t\t\t\t\t\t\t\t<\/div>\n\t\t\t\t<\/div>\n\t\t\t\t\t<\/div>\n\t\t<\/div>\n\t\t\t\t\t<\/div>\n\t\t<\/section>\n\t\t\t\t<section class=\"elementor-section elementor-top-section elementor-element elementor-element-4e7be43 elementor-section-boxed elementor-section-height-default elementor-section-height-default\" data-id=\"4e7be43\" data-element_type=\"section\" data-e-type=\"section\">\n\t\t\t\t\t\t<div class=\"elementor-container elementor-column-gap-default\">\n\t\t\t\t\t<div class=\"elementor-column elementor-col-33 elementor-top-column elementor-element elementor-element-c5af5fc\" data-id=\"c5af5fc\" data-element_type=\"column\" data-e-type=\"column\">\n\t\t\t<div class=\"elementor-widget-wrap elementor-element-populated\">\n\t\t\t\t\t\t<div class=\"elementor-element elementor-element-700343b elementor-widget elementor-widget-image\" data-id=\"700343b\" data-element_type=\"widget\" data-e-type=\"widget\" data-widget_type=\"image.default\">\n\t\t\t\t<div class=\"elementor-widget-container\">\n\t\t\t\t\t\t\t\t\t\t\t\t\t\t\t<img decoding=\"async\" src=\"https:\/\/vesp-epdm.com\/wp-content\/uploads\/elementor\/thumbs\/2011-Doetichem-2011-8-scaled-pcusgtgkfws5ocudkka9mh53w1wd3gm7iq6exukuq0.jpg\" title=\"2011 Doetichem 2011 (8)\" alt=\"2011 Doetichem 2011 (8)\" loading=\"lazy\" \/>\t\t\t\t\t\t\t\t\t\t\t\t\t\t\t<\/div>\n\t\t\t\t<\/div>\n\t\t\t\t\t<\/div>\n\t\t<\/div>\n\t\t\t\t<div class=\"elementor-column elementor-col-33 elementor-top-column elementor-element elementor-element-1fc4564\" data-id=\"1fc4564\" data-element_type=\"column\" data-e-type=\"column\">\n\t\t\t<div class=\"elementor-widget-wrap elementor-element-populated\">\n\t\t\t\t\t\t<div class=\"elementor-element elementor-element-1b3dbdd elementor-widget elementor-widget-image\" data-id=\"1b3dbdd\" data-element_type=\"widget\" data-e-type=\"widget\" data-widget_type=\"image.default\">\n\t\t\t\t<div class=\"elementor-widget-container\">\n\t\t\t\t\t\t\t\t\t\t\t\t\t\t\t<img decoding=\"async\" src=\"https:\/\/vesp-epdm.com\/wp-content\/uploads\/elementor\/thumbs\/Sandwichpaneel-toepassing-pcusgvc8tkuqbkrn9l3irgo12tn3iuto6zhdwei2dk.jpg\" title=\"Sandwichpaneel Toepassing\" alt=\"Sandwichpaneel Toepassing\" loading=\"lazy\" \/>\t\t\t\t\t\t\t\t\t\t\t\t\t\t\t<\/div>\n\t\t\t\t<\/div>\n\t\t\t\t\t<\/div>\n\t\t<\/div>\n\t\t\t\t<div class=\"elementor-column elementor-col-33 elementor-top-column elementor-element elementor-element-06a3ff1\" data-id=\"06a3ff1\" data-element_type=\"column\" data-e-type=\"column\">\n\t\t\t<div class=\"elementor-widget-wrap elementor-element-populated\">\n\t\t\t\t\t\t<div class=\"elementor-element elementor-element-f878938 elementor-widget elementor-widget-image\" data-id=\"f878938\" data-element_type=\"widget\" data-e-type=\"widget\" data-widget_type=\"image.default\">\n\t\t\t\t<div class=\"elementor-widget-container\">\n\t\t\t\t\t\t\t\t\t\t\t\t\t\t\t<img decoding=\"async\" src=\"https:\/\/vesp-epdm.com\/wp-content\/uploads\/elementor\/thumbs\/Kozijn-afdichting-pcusgvc8tkuqbkrn9l3irgo12tn3iuto6zhdwei2dk.jpg\" title=\"Kozijn Afdichting\" alt=\"Kozijn Afdichting\" loading=\"lazy\" \/>\t\t\t\t\t\t\t\t\t\t\t\t\t\t\t<\/div>\n\t\t\t\t<\/div>\n\t\t\t\t\t<\/div>\n\t\t<\/div>\n\t\t\t\t\t<\/div>\n\t\t<\/section>\n\t\t\t\t<section class=\"elementor-section elementor-top-section elementor-element elementor-element-c10d7ce elementor-section-boxed elementor-section-height-default elementor-section-height-default\" data-id=\"c10d7ce\" data-element_type=\"section\" data-e-type=\"section\">\n\t\t\t\t\t\t<div class=\"elementor-container elementor-column-gap-default\">\n\t\t\t\t\t<div class=\"elementor-column elementor-col-50 elementor-top-column elementor-element elementor-element-21ec1ab\" data-id=\"21ec1ab\" data-element_type=\"column\" data-e-type=\"column\">\n\t\t\t<div class=\"elementor-widget-wrap elementor-element-populated\">\n\t\t\t\t\t\t<div class=\"elementor-element elementor-element-30e014e elementor-widget elementor-widget-heading\" data-id=\"30e014e\" data-element_type=\"widget\" data-e-type=\"widget\" data-widget_type=\"heading.default\">\n\t\t\t\t<div class=\"elementor-widget-container\">\n\t\t\t\t\t<h1 class=\"elementor-heading-title elementor-size-default\">\u00c9TANCH\u00c9IT\u200e\u00c9S DE GOUTTI\u00c8RE<\/h1>\t\t\t\t<\/div>\n\t\t\t\t<\/div>\n\t\t\t\t<div class=\"elementor-element elementor-element-e77cc47 elementor-widget elementor-widget-text-editor\" data-id=\"e77cc47\" data-element_type=\"widget\" data-e-type=\"widget\" data-widget_type=\"text-editor.default\">\n\t\t\t\t<div class=\"elementor-widget-container\">\n\t\t\t\t\t\t\t\t\t<h5>L'EPDM est le produit le plus id\u00e9al pour l'\u00e9tanch\u00e9it\u00e9 \u00e0 long terme des goutti\u00e8res. Tant pour les ch\u00e9neaux et noues en bois des nouvelles constructions que pour la r\u00e9novation des goutti\u00e8res en zinc d\u00e9t\u00e9rior\u00e9es.<\/h5>\n<h5>Dans ces applications, l'EPDM est tr\u00e8s facile \u00e0 appliquer, tant \u00e0 partir de l\u00e9s libres avec un adh\u00e9sif ou un mastic qu\u2019avec des variantes d'EPDM auto-adh\u00e9sives. Les propri\u00e9t\u00e9s uniques de l'EPDM sont ici excellentes : Le haut degr\u00e9 de flexibilit\u00e9 absorbe bien l\u2019action du support choisi ainsi que les dilatations, l'EPDM ne lixivie pas et ne s\u00e9cr\u00e8te donc pas de substances (dangereuses) avec l'eau de pluie et, en raison de sa longue dur\u00e9e de vie, une goutti\u00e8re en EPDM d\u00e9passe souvent la dur\u00e9e de vie (restante) de cette goutti\u00e8re.<\/h5>\n<h5>L'EPDM est fourni en diff\u00e9rentes largeurs et en grandes longueurs sur un rouleau, de sorte que les sp\u00e9cifications peuvent \u00eatre adapt\u00e9es de mani\u00e8re optimale \u00e0 la circonf\u00e9rence de la goutti\u00e8re.<\/h5>\t\t\t\t\t\t\t\t<\/div>\n\t\t\t\t<\/div>\n\t\t\t\t\t<\/div>\n\t\t<\/div>\n\t\t\t\t<div class=\"elementor-column elementor-col-50 elementor-top-column elementor-element elementor-element-a613cbb\" data-id=\"a613cbb\" data-element_type=\"column\" data-e-type=\"column\">\n\t\t\t<div class=\"elementor-widget-wrap elementor-element-populated\">\n\t\t\t\t\t\t<div class=\"elementor-element elementor-element-6d6ec12 elementor--h-position-center elementor--v-position-middle elementor-arrows-position-inside elementor-pagination-position-inside elementor-widget elementor-widget-slides\" data-id=\"6d6ec12\" data-element_type=\"widget\" data-e-type=\"widget\" data-settings=\"{&quot;navigation&quot;:&quot;both&quot;,&quot;autoplay&quot;:&quot;yes&quot;,&quot;pause_on_hover&quot;:&quot;yes&quot;,&quot;pause_on_interaction&quot;:&quot;yes&quot;,&quot;autoplay_speed&quot;:5000,&quot;infinite&quot;:&quot;yes&quot;,&quot;transition&quot;:&quot;slide&quot;,&quot;transition_speed&quot;:500}\" data-widget_type=\"slides.default\">\n\t\t\t\t<div class=\"elementor-widget-container\">\n\t\t\t\t\t\t\t\t\t<div class=\"elementor-swiper\">\n\t\t\t\t\t<div class=\"elementor-slides-wrapper elementor-main-swiper swiper\" role=\"region\" aria-roledescription=\"carousel\" aria-label=\"Slides\" dir=\"ltr\" data-animation=\"fadeInUp\">\n\t\t\t\t<div class=\"swiper-wrapper elementor-slides\">\n\t\t\t\t\t\t\t\t\t\t<div class=\"elementor-repeater-item-1704e95 swiper-slide\" role=\"group\" aria-roledescription=\"slide\"><div class=\"swiper-slide-bg\" role=\"img\" aria-label=\"Goottoepassing 1\"><\/div><div class=\"swiper-slide-inner\" ><div class=\"swiper-slide-contents\"><\/div><\/div><\/div><div class=\"elementor-repeater-item-201ad2e swiper-slide\" role=\"group\" aria-roledescription=\"slide\"><div class=\"swiper-slide-bg\" role=\"img\" aria-label=\"IMG 1653 Kopie\u2560\u00earen\"><\/div><div class=\"swiper-slide-inner\" ><div class=\"swiper-slide-contents\"><\/div><\/div><\/div><div class=\"elementor-repeater-item-b16b73f swiper-slide\" role=\"group\" aria-roledescription=\"slide\"><div class=\"swiper-slide-bg\" role=\"img\" aria-label=\"2007Vleuten (21)\"><\/div><div class=\"swiper-slide-inner\" ><div class=\"swiper-slide-contents\"><\/div><\/div><\/div><div class=\"elementor-repeater-item-361edd1 swiper-slide\" role=\"group\" aria-roledescription=\"slide\"><div class=\"swiper-slide-bg\" role=\"img\" aria-label=\"Prefab Gootbouw\"><\/div><div class=\"swiper-slide-inner\" ><div class=\"swiper-slide-contents\"><\/div><\/div><\/div>\t\t\t\t<\/div>\n\t\t\t\t\t\t\t\t\t\t\t\t\t\t\t<div class=\"elementor-swiper-button elementor-swiper-button-prev\" role=\"button\" tabindex=\"0\" aria-label=\"Vorige slide\">\n\t\t\t\t\t\t\t<i aria-hidden=\"true\" class=\"eicon-chevron-left\"><\/i>\t\t\t\t\t\t<\/div>\n\t\t\t\t\t\t<div class=\"elementor-swiper-button elementor-swiper-button-next\" role=\"button\" tabindex=\"0\" aria-label=\"Volgende slide\">\n\t\t\t\t\t\t\t<i aria-hidden=\"true\" class=\"eicon-chevron-right\"><\/i>\t\t\t\t\t\t<\/div>\n\t\t\t\t\t\t\t\t\t\t\t\t\t\t\t\t<div class=\"swiper-pagination\"><\/div>\n\t\t\t\t\t\t\t\t\t\t\t\t<\/div>\n\t\t\t\t<\/div>\n\t\t\t\t\t\t\t\t<\/div>\n\t\t\t\t<\/div>\n\t\t\t\t\t<\/div>\n\t\t<\/div>\n\t\t\t\t\t<\/div>\n\t\t<\/section>\n\t\t\t\t<\/div>","protected":false},"excerpt":{"rendered":"<p>EPDM heeft uitstekende eigenschappen voor een noodzakelijke luchtdichting.Een zeer hoge Mu waarde, eenvoudig en flexibel aan te brengen. Zowel met stroken in het werk als met 3D manchetten af (timmer)fabriek.\u00a0 EPDM LUCHTDICHTING EPDM luchtdichtingen Het afdichten van de buitenschil van een woning of bouwwerk is de laatste decennia meer en meer een onderwerp van aandacht [&hellip;]<\/p>\n","protected":false},"author":2,"featured_media":0,"parent":0,"menu_order":0,"comment_status":"closed","ping_status":"closed","template":"","meta":{"site-sidebar-layout":"no-sidebar","site-content-layout":"page-builder","ast-site-content-layout":"default","site-content-style":"default","site-sidebar-style":"default","ast-global-header-display":"","ast-banner-title-visibility":"","ast-main-header-display":"","ast-hfb-above-header-display":"","ast-hfb-below-header-display":"","ast-hfb-mobile-header-display":"","site-post-title":"disabled","ast-breadcrumbs-content":"","ast-featured-img":"disabled","footer-sml-layout":"","ast-disable-related-posts":"","theme-transparent-header-meta":"default","adv-header-id-meta":"","stick-header-meta":"","header-above-stick-meta":"","header-main-stick-meta":"","header-below-stick-meta":"","astra-migrate-meta-layouts":"default","ast-page-background-enabled":"default","ast-page-background-meta":{"desktop":{"background-color":"","background-image":"","background-repeat":"repeat","background-position":"center center","background-size":"auto","background-attachment":"scroll","background-type":"","background-media":"","overlay-type":"","overlay-color":"","overlay-opacity":"","overlay-gradient":""},"tablet":{"background-color":"","background-image":"","background-repeat":"repeat","background-position":"center center","background-size":"auto","background-attachment":"scroll","background-type":"","background-media":"","overlay-type":"","overlay-color":"","overlay-opacity":"","overlay-gradient":""},"mobile":{"background-color":"","background-image":"","background-repeat":"repeat","background-position":"center center","background-size":"auto","background-attachment":"scroll","background-type":"","background-media":"","overlay-type":"","overlay-color":"","overlay-opacity":"","overlay-gradient":""}},"ast-content-background-meta":{"desktop":{"background-color":"var(--ast-global-color-5)","background-image":"","background-repeat":"repeat","background-position":"center center","background-size":"auto","background-attachment":"scroll","background-type":"","background-media":"","overlay-type":"","overlay-color":"","overlay-opacity":"","overlay-gradient":""},"tablet":{"background-color":"var(--ast-global-color-5)","background-image":"","background-repeat":"repeat","background-position":"center center","background-size":"auto","background-attachment":"scroll","background-type":"","background-media":"","overlay-type":"","overlay-color":"","overlay-opacity":"","overlay-gradient":""},"mobile":{"background-color":"var(--ast-global-color-5)","background-image":"","background-repeat":"repeat","background-position":"center center","background-size":"auto","background-attachment":"scroll","background-type":"","background-media":"","overlay-type":"","overlay-color":"","overlay-opacity":"","overlay-gradient":""}},"footnotes":""},"class_list":["post-2066","page","type-page","status-publish","hentry"],"_links":{"self":[{"href":"https:\/\/vesp-epdm.com\/fr-be\/wp-json\/wp\/v2\/pages\/2066","targetHints":{"allow":["GET"]}}],"collection":[{"href":"https:\/\/vesp-epdm.com\/fr-be\/wp-json\/wp\/v2\/pages"}],"about":[{"href":"https:\/\/vesp-epdm.com\/fr-be\/wp-json\/wp\/v2\/types\/page"}],"author":[{"embeddable":true,"href":"https:\/\/vesp-epdm.com\/fr-be\/wp-json\/wp\/v2\/users\/2"}],"replies":[{"embeddable":true,"href":"https:\/\/vesp-epdm.com\/fr-be\/wp-json\/wp\/v2\/comments?post=2066"}],"version-history":[{"count":79,"href":"https:\/\/vesp-epdm.com\/fr-be\/wp-json\/wp\/v2\/pages\/2066\/revisions"}],"predecessor-version":[{"id":4326,"href":"https:\/\/vesp-epdm.com\/fr-be\/wp-json\/wp\/v2\/pages\/2066\/revisions\/4326"}],"wp:attachment":[{"href":"https:\/\/vesp-epdm.com\/fr-be\/wp-json\/wp\/v2\/media?parent=2066"}],"curies":[{"name":"wp","href":"https:\/\/api.w.org\/{rel}","templated":true}]}}